{"id":594,"date":"2021-07-02T14:52:44","date_gmt":"2021-07-02T19:52:44","guid":{"rendered":"https:\/\/www.groupeparima.com\/?page_id=594"},"modified":"2021-07-02T14:57:53","modified_gmt":"2021-07-02T19:57:53","slug":"conditions-dutilisation","status":"publish","type":"page","link":"https:\/\/www.groupeparima.com\/fr\/conditions-dutilisation\/","title":{"rendered":"Conditions d&rsquo;utilisation"},"content":{"rendered":"\n<h2 class=\"wp-block-heading\">Introduction<\/h2>\n\n\n\n<p>Bienvenue sur le site Internet de Groupe Parima (<a href=\"https:\/\/groupeparima.com\">https:\/\/groupeparima.com<\/a>). En naviguant dans notre site Internet, vous acceptez les modalit\u00e9s et conditions d&rsquo;utilisation qui suivent. Si telle n&rsquo;est pas votre intention, veuillez quitter le site.<\/p>\n\n\n\n<h2 class=\"wp-block-heading\" id=\"avis-de-propriete-intellectuelle\">Avis de propri\u00e9t\u00e9 intellectuelle<a href=\"#avis-de-propriete-intellectuelle\"><\/a><\/h2>\n\n\n\n<p>Le site Internet de Groupe Parima ainsi que tout le contenu qui y est diffus\u00e9 ou auquel il donne acc\u00e8s sont prot\u00e9g\u00e9s par des droits d&rsquo;auteur. Toute adaptation ou diffusion en sont interdites \u00e0 moins d&rsquo;avoir pr\u00e9alablement obtenu l&rsquo;autorisation de le faire.<\/p>\n\n\n\n<h2 class=\"wp-block-heading\">Exclusion de responsabilit\u00e9<\/h2>\n\n\n\n<p>Groupe Parima n&rsquo;offre aucune garantie quant \u00e0 l&rsquo;exactitude, la pertinence ou la fiabilit\u00e9 du contenu du site Internet, ni en ce qui a trait aux erreurs ou aux omissions qu&rsquo;il pourrait contenir. En aucun cas l&rsquo;information contenue sur le site Internet ne peut \u00eatre interpr\u00e9t\u00e9e comme \u00e9tant un avis juridique. Groupe Parima d\u00e9cline toute responsabilit\u00e9 quant \u00e0 l&rsquo;usage qui en est fait.<\/p>\n\n\n\n<h2 class=\"wp-block-heading\">Protection des renseignements personnels<\/h2>\n\n\n\n<p>Groupe Parima respecte votre droit \u00e0 la protection des renseignements personnels, conform\u00e9ment aux lois du Qu\u00e9bec et du Canada sur la protection de la vie priv\u00e9e.<\/p>\n\n\n\n<p>Groupe Parima peut \u00eatre appel\u00e9 \u00e0 recueillir des renseignements personnels \u00e0 votre sujet. Ces renseignements personnels sont utilis\u00e9s exclusivement par Groupe Parima pour communiquer avec vous, vous fournir les services ou les renseignements que vous avez demand\u00e9s ou vous transmettre des informations susceptibles de vous int\u00e9resser. Groupe Parima ne se servira des renseignements personnels qu&rsquo;\u00e0 ces fins, \u00e0 moins d&rsquo;avoir obtenu votre consentement. Si vous ne d\u00e9sirez pas recevoir de l&rsquo;information suppl\u00e9mentaire, vous pouvez nous le faire savoir en communiquant avec nous.<\/p>\n","protected":false},"excerpt":{"rendered":"<p>Introduction Bienvenue sur le site Internet de Groupe Parima (https:\/\/groupeparima.com). En naviguant dans notre site Internet, vous acceptez les modalit\u00e9s et conditions d&rsquo;utilisation qui suivent. Si telle n&rsquo;est pas votre intention, veuillez quitter le site. Avis de propri\u00e9t\u00e9 intellectuelle Le site Internet de Groupe Parima ainsi que tout le contenu qui y est diffus\u00e9 ou &hellip; <a href=\"https:\/\/www.groupeparima.com\/fr\/conditions-dutilisation\/\">Continued<\/a><\/p>\n","protected":false},"author":1,"featured_media":0,"parent":0,"menu_order":0,"comment_status":"closed","ping_status":"closed","template":"","meta":{"_acf_changed":false,"content-type":"","_relevanssi_hide_post":"","_relevanssi_hide_content":"","_relevanssi_pin_for_all":"","_relevanssi_pin_keywords":"","_relevanssi_unpin_keywords":"","_relevanssi_related_keywords":"","_relevanssi_related_include_ids":"","_relevanssi_related_exclude_ids":"","_relevanssi_related_no_append":"","_relevanssi_related_not_related":"","_relevanssi_related_posts":"","_relevanssi_noindex_reason":"","footnotes":""},"class_list":["post-594","page","type-page","status-publish","hentry"],"acf":[],"_links":{"self":[{"href":"https:\/\/www.groupeparima.com\/fr\/wp-json\/wp\/v2\/pages\/594","targetHints":{"allow":["GET"]}}],"collection":[{"href":"https:\/\/www.groupeparima.com\/fr\/wp-json\/wp\/v2\/pages"}],"about":[{"href":"https:\/\/www.groupeparima.com\/fr\/wp-json\/wp\/v2\/types\/page"}],"author":[{"embeddable":true,"href":"https:\/\/www.groupeparima.com\/fr\/wp-json\/wp\/v2\/users\/1"}],"replies":[{"embeddable":true,"href":"https:\/\/www.groupeparima.com\/fr\/wp-json\/wp\/v2\/comments?post=594"}],"version-history":[{"count":1,"href":"https:\/\/www.groupeparima.com\/fr\/wp-json\/wp\/v2\/pages\/594\/revisions"}],"predecessor-version":[{"id":595,"href":"https:\/\/www.groupeparima.com\/fr\/wp-json\/wp\/v2\/pages\/594\/revisions\/595"}],"wp:attachment":[{"href":"https:\/\/www.groupeparima.com\/fr\/wp-json\/wp\/v2\/media?parent=594"}],"curies":[{"name":"wp","href":"https:\/\/api.w.org\/{rel}","templated":true}]}}