{"id":3892,"date":"2025-06-12T12:04:31","date_gmt":"2025-06-12T17:04:31","guid":{"rendered":"https:\/\/www.groupeparima.com\/?page_id=3892"},"modified":"2025-09-03T08:48:25","modified_gmt":"2025-09-03T13:48:25","slug":"politique-de-confidentialite-2","status":"publish","type":"page","link":"https:\/\/www.groupeparima.com\/fr\/politique-de-confidentialite-2\/","title":{"rendered":"Politique de confidentialit\u00e9\u00a0"},"content":{"rendered":"\n<p>Groupe PARIMA Inc. s&rsquo;engage \u00e0 prot\u00e9ger la confidentialit\u00e9 et la s\u00e9curit\u00e9 des renseignements personnels. La pr\u00e9sente politique de confidentialit\u00e9 explique comment nous recueillons, partageons, utilisons et prot\u00e9geons vos renseignements personnels conform\u00e9ment aux lois et r\u00e8glements applicables.<\/p>\n\n\n\n<h2 class=\"wp-block-heading\">Informations collect\u00e9es<\/h2>\n\n\n\n<p>Nous recueillons des informations personnelles aupr\u00e8s des individus afin de leur fournir des services ou des produits. Ces informations peuvent inclure, mais ne sont pas limit\u00e9es \u00e0 :<\/p>\n\n\n\n<ul class=\"wp-block-list\">\n<li>Des informations de contact telles que votre nom, votre adresse postale, votre adresse \u00e9lectronique et votre num\u00e9ro de t\u00e9l\u00e9phone ;<\/li>\n\n\n\n<li>Des informations d\u00e9mographiques telles que votre \u00e2ge et votre sexe ; et<\/li>\n\n\n\n<li>Des informations pour les services gouvernementaux (imp\u00f4ts, etc.).<\/li>\n<\/ul>\n\n\n\n<h2 class=\"wp-block-heading\">Comment nous utilisons vos informations<\/h2>\n\n\n\n<p>Nous utilisons vos informations personnelles pour vous fournir des services ou des produits, notamment :<\/p>\n\n\n\n<ul class=\"wp-block-list\">\n<li>Gestion des ressources humaines et recrutement<\/li>\n<\/ul>\n\n\n\n<p>Nous pouvons \u00e9galement utiliser vos informations pour am\u00e9liorer nos services et nos produits et pour nous conformer aux exigences l\u00e9gales et r\u00e9glementaires.<\/p>\n\n\n\n<p>Nous ne recueillons que les informations personnelles n\u00e9cessaires aux fins identifi\u00e9es dans la pr\u00e9sente politique. Les informations personnelles ne sont pas utilis\u00e9es ou divulgu\u00e9es \u00e0 des fins autres que celles pour lesquelles elles ont \u00e9t\u00e9 collect\u00e9es, sauf avec le consentement de la personne concern\u00e9e ou si la loi l&rsquo;exige. Les informations personnelles ne sont conserv\u00e9es que le temps n\u00e9cessaire \u00e0 la r\u00e9alisation de ces objectifs.<\/p>\n\n\n\n<h2 class=\"wp-block-heading\">Nos m\u00e9thodes de collecte<\/h2>\n\n\n\n<p>Les renseignements personnels seront recueillis au moyen d&rsquo;une combinaison de formulaires en ligne et sur papier, d&rsquo;entrevues en personne et de toute communication avec le personnel de Groupe PARIMA Inc.<\/p>\n\n\n\n<h2 class=\"wp-block-heading\">Partage de l&rsquo;information<\/h2>\n\n\n\n<p>Nous ne partageons pas vos renseignements personnels avec des tiers, sauf si cela est n\u00e9cessaire \u00e0 la prestation de nos services, par exemple avec des organismes gouvernementaux ou des compagnies d&rsquo;assurance.<\/p>\n\n\n\n<p>Groupe PARIMA Inc. s&rsquo;engage \u00e0 ne pas donner, vendre ou louer vos renseignements personnels \u00e0 des tiers.<\/p>\n\n\n\n<p>Nous ne partagerons ces renseignements qu&rsquo;avec votre consentement ou lorsque la loi l&rsquo;exige.<\/p>\n\n\n\n<h2 class=\"wp-block-heading\">Emplacement de vos renseignements<\/h2>\n\n\n\n<p>Les renseignements personnels sont g\u00e9n\u00e9ralement stock\u00e9s ou trait\u00e9s dans des installations situ\u00e9es au Qu\u00e9bec. Certaines de ces donn\u00e9es peuvent \u00eatre trait\u00e9es par des tiers \u00e0 l&rsquo;ext\u00e9rieur du Qu\u00e9bec. Dans ce cas, Groupe PARIMA Inc. prend des mesures raisonnables pour assurer la protection de vos donn\u00e9es aupr\u00e8s des tiers en question.<\/p>\n\n\n\n<h2 class=\"wp-block-heading\">S\u00e9curit\u00e9 de l&rsquo;information<\/h2>\n\n\n\n<p>Nous prenons des mesures raisonnables pour prot\u00e9ger vos renseignements personnels contre l&rsquo;acc\u00e8s, l&rsquo;utilisation ou la divulgation non autoris\u00e9s. Cependant, aucun m\u00e9canisme de s\u00e9curit\u00e9 ne peut garantir une protection parfaite, et il y aura toujours un certain risque r\u00e9siduel.<\/p>\n\n\n\n<p>Notre bureau utilise des syst\u00e8mes de fichiers s\u00e9curis\u00e9s, une gestion efficace des identit\u00e9s et des acc\u00e8s, ainsi que des protections physiques pour prot\u00e9ger vos informations, le tout en conformit\u00e9 avec les lois et r\u00e9glementations en vigueur.<\/p>\n\n\n\n<h2 class=\"wp-block-heading\">Vos droits<\/h2>\n\n\n\n<p>Vous avez le droit d&rsquo;acc\u00e9der \u00e0 vos informations personnelles, de les modifier ou de les supprimer. Vous pouvez \u00e0 tout moment retirer votre consentement \u00e0 la collecte et \u00e0 l&rsquo;utilisation de vos informations personnelles. Toutefois, cela pourrait emp\u00eacher Groupe PARIMA Inc. de vous fournir des services ad\u00e9quats.<\/p>\n\n\n\n<p>Vous disposez de tous les droits conform\u00e9ment aux exigences l\u00e9gales et r\u00e9glementaires.<\/p>\n\n\n\n<p>Si vous souhaitez exercer ces droits, veuillez nous contacter \u00e0 RP@groupeparima.com.<\/p>\n\n\n\n<h2 class=\"wp-block-heading\">Modifications de notre politique de confidentialit\u00e9<\/h2>\n\n\n\n<p>Nous nous r\u00e9servons le droit de modifier cette politique de confidentialit\u00e9 \u00e0 tout moment afin d&rsquo;en assurer la conformit\u00e9 et de refl\u00e9ter tout changement dans notre processus de collecte d&rsquo;informations personnelles.<\/p>\n\n\n\n<p>Si nous apportons des modifications importantes \u00e0 la politique, nous vous en informerons en publiant un avis ou en pla\u00e7ant une nouvelle version de la politique sur notre site web.<\/p>\n\n\n\n<h2 class=\"wp-block-heading\">Responsable de la protection des renseignements personnels<\/h2>\n\n\n\n<p>Conform\u00e9ment \u00e0 la Loi 25, Groupe PARIMA a d\u00e9sign\u00e9 un responsable de la protection des renseignements personnels :<\/p>\n\n\n\n<p>M. Louis-David Cantin<br>Pr\u00e9sident-Directeur G\u00e9n\u00e9ral<br>Courriel :\u00a0<a href=\"mailto:RP@groupeparima.com\">RP@groupeparima.com<\/a><\/p>\n","protected":false},"excerpt":{"rendered":"<p>Groupe PARIMA Inc. s&rsquo;engage \u00e0 prot\u00e9ger la confidentialit\u00e9 et la s\u00e9curit\u00e9 des renseignements personnels. La pr\u00e9sente politique de confidentialit\u00e9 explique comment nous recueillons, partageons, utilisons et prot\u00e9geons vos renseignements personnels conform\u00e9ment aux lois et r\u00e8glements applicables. Informations collect\u00e9es Nous recueillons des informations personnelles aupr\u00e8s des individus afin de leur fournir des services ou des produits. &hellip; <a href=\"https:\/\/www.groupeparima.com\/fr\/politique-de-confidentialite-2\/\">Continued<\/a><\/p>\n","protected":false},"author":9,"featured_media":0,"parent":0,"menu_order":0,"comment_status":"closed","ping_status":"closed","template":"","meta":{"_acf_changed":false,"content-type":"standard-page","_relevanssi_hide_post":"","_relevanssi_hide_content":"","_relevanssi_pin_for_all":"","_relevanssi_pin_keywords":"","_relevanssi_unpin_keywords":"","_relevanssi_related_keywords":"","_relevanssi_related_include_ids":"","_relevanssi_related_exclude_ids":"","_relevanssi_related_no_append":"","_relevanssi_related_not_related":"","_relevanssi_related_posts":"","_relevanssi_noindex_reason":"","footnotes":""},"class_list":["post-3892","page","type-page","status-publish","hentry"],"acf":[],"_links":{"self":[{"href":"https:\/\/www.groupeparima.com\/fr\/wp-json\/wp\/v2\/pages\/3892","targetHints":{"allow":["GET"]}}],"collection":[{"href":"https:\/\/www.groupeparima.com\/fr\/wp-json\/wp\/v2\/pages"}],"about":[{"href":"https:\/\/www.groupeparima.com\/fr\/wp-json\/wp\/v2\/types\/page"}],"author":[{"embeddable":true,"href":"https:\/\/www.groupeparima.com\/fr\/wp-json\/wp\/v2\/users\/9"}],"replies":[{"embeddable":true,"href":"https:\/\/www.groupeparima.com\/fr\/wp-json\/wp\/v2\/comments?post=3892"}],"version-history":[{"count":5,"href":"https:\/\/www.groupeparima.com\/fr\/wp-json\/wp\/v2\/pages\/3892\/revisions"}],"predecessor-version":[{"id":5118,"href":"https:\/\/www.groupeparima.com\/fr\/wp-json\/wp\/v2\/pages\/3892\/revisions\/5118"}],"wp:attachment":[{"href":"https:\/\/www.groupeparima.com\/fr\/wp-json\/wp\/v2\/media?parent=3892"}],"curies":[{"name":"wp","href":"https:\/\/api.w.org\/{rel}","templated":true}]}}