{"id":348,"date":"2021-06-16T13:51:36","date_gmt":"2021-06-16T18:51:36","guid":{"rendered":"https:\/\/www.groupeparima.com\/?page_id=348"},"modified":"2025-09-17T10:06:16","modified_gmt":"2025-09-17T15:06:16","slug":"carrieres","status":"publish","type":"page","link":"https:\/\/www.groupeparima.com\/fr\/carrieres\/","title":{"rendered":"Carri\u00e8res"},"content":{"rendered":"\n<p class=\"is-style-top-label\">UNE CARRI\u00c8RE AU SEIN DU GROUPE PARIMA<\/p>\n\n\n\n<p><strong>Groupe\u202fPARIMA<\/strong>\u202fest une soci\u00e9t\u00e9 \u0153uvrant dans le d\u00e9veloppement et la fabrication en sous-traitance depuis 1994. Au cours des ann\u00e9es, nous avons acquis une expertise dans le d\u00e9veloppement de produits pharmaceutiques non st\u00e9riles sous forme liquide, semi-solide ou en suspension. Nous travaillons de concert avec nos clients afin d\u2019offrir un service sur mesure qui r\u00e9pond \u00e0 leurs besoins. Qu\u2019il s\u2019agisse d\u2019un service enti\u00e8rement cl\u00e9 en main ou de projets de d\u00e9veloppement r\u00e9alis\u00e9s en \u00e9troite collaboration, nous nous adaptons \u00e0 vos exigences op\u00e9rationnelles.<\/p>\n\n\n\n \n  <section class=\"bg-pin-img theme-block alignwide container\">\n    <!-- --------- wrapper -->\n    <div class=\"bg-pin-img__wrapper gradient-darker\">\n\n      <!-- --------- Text -->\n      <div class=\"bg-pin-img__text wysiwyg\">\n        <h2>Ce que nous offrons<\/h2>\n<ul>\n<li data-leveltext=\"\uf0b7\" data-font=\"Symbol\" data-listid=\"5\" data-aria-posinset=\"3\" data-aria-level=\"1\"><span data-contrast=\"auto\">Horaire de travail flexible et t\u00e9l\u00e9travail (si applicable)<\/span><\/li>\n<li><span data-contrast=\"auto\">Assurance m\u00e9dicale &#8211; dentaire et assurance-voyage<\/span><\/li>\n<li data-leveltext=\"\uf0b7\" data-font=\"Symbol\" data-listid=\"5\" data-aria-posinset=\"3\" data-aria-level=\"1\"><span data-contrast=\"auto\">R\u00e9gime de retraite collectif<\/span><\/li>\n<li data-leveltext=\"\uf0b7\" data-font=\"Symbol\" data-listid=\"5\" data-aria-posinset=\"3\" data-aria-level=\"1\">Programme de reconnaissance et activit\u00e9s sociales<\/li>\n<li data-leveltext=\"\uf0b7\" data-font=\"Symbol\" data-listid=\"5\" data-aria-posinset=\"3\" data-aria-level=\"1\"><span data-contrast=\"auto\">Cong\u00e9s personnels\u00a0<\/span><span data-ccp-props=\"{\">\u00a0<\/span><\/li>\n<li data-leveltext=\"\uf0b7\" data-font=\"Symbol\" data-listid=\"5\" data-aria-posinset=\"3\" data-aria-level=\"1\"><span data-contrast=\"auto\">Programme de soutien aux employ\u00e9s et t<\/span><span data-contrast=\"auto\">\u00e9l\u00e9m\u00e9decine<\/span><\/li>\n<li><span data-contrast=\"auto\">Boissons gratuites (chocolat chaud, caf\u00e9,\u00a0mokaccino)<\/span><span data-ccp-props=\"{\">\u00a0<\/span><\/li>\n<li><span data-contrast=\"auto\">Accessibilit\u00e9 en transport en commun\u00a0ou stationnement gratuit<\/span><\/li>\n<li><span data-ccp-props=\"{\">Programme de r\u00e9f\u00e9rence\u00a0<\/span><\/li>\n<\/ul>\n      <\/div>\n\n      <!-- --------- Image -->\n      <div class=\"bg-pin-img__img\" style=\"background-image:url(https:\/\/www.groupeparima.com\/wp-content\/uploads\/2021\/06\/carreer-1.jpg);\">\n              <img decoding=\"async\" class=\"bg-pin-img__mobile\" src=\"https:\/\/www.groupeparima.com\/wp-content\/uploads\/2021\/06\/carreer-1.jpg\" alt=\"two people working in the lab\">\n            <\/div>\n\n    <\/div>\n  <\/section>\n","protected":false},"excerpt":{"rendered":"<p>UNE CARRI\u00c8RE AU SEIN DU GROUPE PARIMA Groupe\u202fPARIMA\u202fest une soci\u00e9t\u00e9 \u0153uvrant dans le d\u00e9veloppement et la fabrication en sous-traitance depuis 1994. Au cours des ann\u00e9es, nous avons acquis une expertise dans le d\u00e9veloppement de produits pharmaceutiques non st\u00e9riles sous forme liquide, semi-solide ou en suspension. Nous travaillons de concert avec nos clients afin d\u2019offrir un &hellip; <a href=\"https:\/\/www.groupeparima.com\/fr\/carrieres\/\">Continued<\/a><\/p>\n","protected":false},"author":1,"featured_media":0,"parent":0,"menu_order":0,"comment_status":"closed","ping_status":"closed","template":"template-careers.php","meta":{"_acf_changed":false,"content-type":"","_relevanssi_hide_post":"","_relevanssi_hide_content":"","_relevanssi_pin_for_all":"","_relevanssi_pin_keywords":"","_relevanssi_unpin_keywords":"","_relevanssi_related_keywords":"","_relevanssi_related_include_ids":"","_relevanssi_related_exclude_ids":"","_relevanssi_related_no_append":"","_relevanssi_related_not_related":"","_relevanssi_related_posts":"","_relevanssi_noindex_reason":"","footnotes":""},"class_list":["post-348","page","type-page","status-publish","hentry"],"acf":[],"_links":{"self":[{"href":"https:\/\/www.groupeparima.com\/fr\/wp-json\/wp\/v2\/pages\/348","targetHints":{"allow":["GET"]}}],"collection":[{"href":"https:\/\/www.groupeparima.com\/fr\/wp-json\/wp\/v2\/pages"}],"about":[{"href":"https:\/\/www.groupeparima.com\/fr\/wp-json\/wp\/v2\/types\/page"}],"author":[{"embeddable":true,"href":"https:\/\/www.groupeparima.com\/fr\/wp-json\/wp\/v2\/users\/1"}],"replies":[{"embeddable":true,"href":"https:\/\/www.groupeparima.com\/fr\/wp-json\/wp\/v2\/comments?post=348"}],"version-history":[{"count":6,"href":"https:\/\/www.groupeparima.com\/fr\/wp-json\/wp\/v2\/pages\/348\/revisions"}],"predecessor-version":[{"id":5371,"href":"https:\/\/www.groupeparima.com\/fr\/wp-json\/wp\/v2\/pages\/348\/revisions\/5371"}],"wp:attachment":[{"href":"https:\/\/www.groupeparima.com\/fr\/wp-json\/wp\/v2\/media?parent=348"}],"curies":[{"name":"wp","href":"https:\/\/api.w.org\/{rel}","templated":true}]}}