{"id":321,"date":"2021-06-16T13:31:12","date_gmt":"2021-06-16T18:31:12","guid":{"rendered":"https:\/\/www.groupeparima.com\/?page_id=321"},"modified":"2023-05-24T09:51:05","modified_gmt":"2023-05-24T14:51:05","slug":"production-commerciale","status":"publish","type":"page","link":"https:\/\/www.groupeparima.com\/fr\/production-commerciale\/","title":{"rendered":"Production commerciale"},"content":{"rendered":"\n<p>Groupe PARIMA offre des services contractuels de fabrication et&nbsp;de conditionnement&nbsp;\u00e0 des clients&nbsp;\u00e0 travers&nbsp;le monde.\u202fNous fabriquons actuellement des produits pour des march\u00e9s situ\u00e9s sur cinq continents, ce qui permet \u00e0 nos clients d\u2019avoir une port\u00e9e mondiale.&nbsp;<\/p>\n\n\n\n<p>Notre \u00e9quipe peut vous fournir un service cl\u00e9 en&nbsp;main&nbsp;complet, de l\u2019approvisionnement&nbsp;en mati\u00e8res&nbsp;premi\u00e8res et composantes d\u2019emballage, \u00e0&nbsp;la&nbsp;s\u00e9rialisation et la distribution des produits les plus&nbsp;complexes&nbsp;sur le plan logistique. Nous pouvons prendre&nbsp;en charge&nbsp;l\u2019ensemble&nbsp;de votre cha\u00eene d\u2019approvisionnement, en vous offrant une option&nbsp;avantageuse,&nbsp;afin que vous puissiez consacrer vos ressources&nbsp;\u00e0 d\u2019autres priorit\u00e9s.&nbsp;<\/p>\n\n\n\n<p>Actuellement, Groupe PARIMA produit une vaste gamme de produits&nbsp;visant \u00e0 traiter les conditions suivantes:&nbsp;<\/p>\n\n\n\n<ul class=\"wp-block-list\"><li>Angine de poitrine&nbsp;&nbsp;<\/li><li>Acn\u00e9&nbsp;&nbsp;<\/li><li>Constipation&nbsp;&nbsp;<\/li><li>Traitements contre la toux et la fi\u00e8vre&nbsp;&nbsp;<\/li><li>Dermatite et ecz\u00e9ma&nbsp;&nbsp;<\/li><li>Mains s\u00e8ches&nbsp;&nbsp;<\/li><li>Dysfonction \u00e9rectile&nbsp;<\/li><li>Infections fongiques&nbsp;<\/li><li>Maux de t\u00eate&nbsp;<\/li><li>H\u00e9morro\u00efdes&nbsp;&nbsp;<\/li><li>Infection \u00e0 herp\u00e8s simplex&nbsp;<\/li><li>Inflammation articulaire&nbsp;&nbsp;<\/li><li>Douleur&nbsp;musculo-squelettique&nbsp;&nbsp;<\/li><li>Produits de protection solaire (FPS 30-50 +, cr\u00e8me, lotion)&nbsp;<\/li><\/ul>\n\n\n<div class=\"block-accordion \">\n    <span class=\"block-accordion__label\">Accordion<\/span>\n    <h3 class=\"block-accordion__title\">Liste des API avec lesquels Groupe PARIMA travaille actuellement ou poss\u00e8de une expertise<\/h3>\n    \n\n<div class=\"wp-block-columns is-layout-flex wp-container-core-columns-is-layout-9d6595d7 wp-block-columns-is-layout-flex\">\n<div class=\"wp-block-column is-layout-flow wp-block-column-is-layout-flow\">\n<ul class=\"wp-block-list\"><li>Acyclovir&nbsp;&nbsp;<\/li><li>Adapal\u00e8ne<\/li><li>Alprostadil&nbsp;<\/li><li>Amcinonide&nbsp;<\/li><li>Atovaquone&nbsp;<\/li><li>Benzoca\u00efne&nbsp;<\/li><li>Peroxyde de benzoyle&nbsp;<\/li><li>B\u00e9tam\u00e9thasone&nbsp;<\/li><li>Chlorhexidine&nbsp;<\/li><li>Ciclopirox&nbsp;&nbsp;<\/li><li>Clindamycine&nbsp;&nbsp;<\/li><li>Clobetasol&nbsp;&nbsp;<\/li><li>Crotamiton&nbsp;&nbsp;<\/li><li>Desonide&nbsp;&nbsp;<\/li><li>Desoximetasone&nbsp;&nbsp;<\/li><li>Diflucortolone&nbsp;&nbsp;<\/li><li>Dihydroergotamine&nbsp;<\/li><li>Efinaconazole&nbsp;<\/li><li>\u00c9rythromycine&nbsp;<\/li><li>Fluocinolone&nbsp;&nbsp;<\/li><\/ul>\n<\/div>\n\n\n\n<div class=\"wp-block-column is-layout-flow wp-block-column-is-layout-flow\">\n<ul class=\"wp-block-list\"><li>Fluocinonide&nbsp;&nbsp;<\/li><li>Gabapentine&nbsp;&nbsp;<\/li><li>Gentamicine&nbsp;<\/li><li>Glycopyrolate&nbsp;<\/li><li>Halobetasol&nbsp;&nbsp;<\/li><li>Hydrocortisone&nbsp;&nbsp;<\/li><li>Lidoca\u00efne&nbsp;<\/li><li>Meloxicam&nbsp;&nbsp;<\/li><li>M\u00e9tronidazole&nbsp;<\/li><li>Mometasone&nbsp;&nbsp;<\/li><li>Naprox\u00e8ne&nbsp;&nbsp;<\/li><li>Nefopam&nbsp;&nbsp;<\/li><li>Nitroglyc\u00e9rine&nbsp;<\/li><li>Oxcarbaz\u00e9pine&nbsp;<\/li><li>Prednisolone&nbsp;<\/li><li>Prilocaine&nbsp;&nbsp;<\/li><li>Tacrolimus&nbsp;<\/li><li>Tavaborole&nbsp;<\/li><li>Triamcinolone&nbsp;&nbsp;<\/li><li>Ur\u00e9e&nbsp;<\/li><\/ul>\n<\/div>\n<\/div>\n\n\n<\/div>\n\n                    \n\n\n<div class=\"block-accordion \">\n    <span class=\"block-accordion__label\">Accordion<\/span>\n    <h3 class=\"block-accordion__title\">Approvisionnement cl\u00e9 en main<\/h3>\n    \n\n<p><\/p>\n\n\n\n<ul class=\"wp-block-list\"><li><strong>Approvisionnement:<\/strong> En fonction des exigences du produit, nous identifierons des sources fiables et rentables pour les mati\u00e8res premi\u00e8res et les composantes d\u2019emballage.\u00a0<\/li><li><strong>Gestion de la cha\u00eene\u00a0d\u2019approvisionnement : <\/strong>Que ce soit en utilisant nos fournisseurs ou\u00a0les ententes que vous avez en place avec\u00a0vos propres fournisseurs,\u00a0nous pouvons g\u00e9rer l\u2019ensemble de la cha\u00eene\u00a0d\u2019approvisionnement\u00a0afin que vous puissiez concentrer vos ressources sur d\u2019autres activit\u00e9s.\u00a0\u00a0\u00a0<\/li><li><strong>Qualification des fournisseurs<\/strong>: Notre \u00e9quipe\u00a0d\u2019assurance qualit\u00e9\u00a0maintient\u00a0\u00e0 jour les\u00a0dossiers de qualifications pour chacun de nos fournisseurs et peut \u00e9galement vous aider \u00e0 obtenir la qualification\u00a0de vos\u00a0fournisseurs.\u00a0<\/li><li><strong>Distribution:<\/strong>\u00a0En prenant avantage de relations\u00a0d\u00e9j\u00e0\u00a0\u00e9tablies avec\u00a0des entrep\u00f4ts externes et 3PL, nous pouvons prendre soin de l\u2019exp\u00e9dition et de la distribution de vos produits, y compris\u00a0des produits qui requi\u00e8rent le maintien de la\u00a0cha\u00eene\u00a0de\u00a0froid.\u00a0<\/li><\/ul>\n\n\n\n<p><\/p>\n\n\n<\/div>\n\n                    \n\n\n<div class=\"block-accordion \">\n    <span class=\"block-accordion__label\">Accordion<\/span>\n    <h3 class=\"block-accordion__title\">Capacit\u00e9s de fabrication <\/h3>\n    \n\n<p>Avec plus de 30&nbsp;r\u00e9servoirs&nbsp;disponibles, nous pouvons&nbsp;utiliser&nbsp;le bon&nbsp;\u00e9quipement&nbsp;pour&nbsp;fabriquer votre produit&nbsp;de fa\u00e7on fiable&nbsp;et&nbsp;de&nbsp;mani\u00e8re \u00e0&nbsp;r\u00e9pondre aux plus hauts standards&nbsp;de qualit\u00e9.&nbsp;&nbsp;&nbsp;<\/p>\n\n\n\n<p>Nos&nbsp;r\u00e9servoirs&nbsp;chemis\u00e9s&nbsp;permettent&nbsp;le contr\u00f4le de la temp\u00e9rature entre 2&nbsp;\u00b0C&nbsp;et 95&nbsp;\u00b0C. Ils&nbsp;sont \u00e9galement \u00e9quip\u00e9s&nbsp;d\u2019agitateurs \u00e0&nbsp;balayage, contre-balayage&nbsp;et&nbsp;de turbines&nbsp;nous&nbsp;permettant&nbsp;de fabriquer&nbsp;des&nbsp;produits avec&nbsp;des proc\u00e9d\u00e9s de fabrication complexes.&nbsp;<\/p>\n\n\n\n<ul class=\"wp-block-list\"><li>L\u2019\u00e9quipement de fabrication&nbsp;secondaire disponible&nbsp;inclut&nbsp;des m\u00e9langeurs de&nbsp;type&nbsp;Lightnin,&nbsp;Rotosolver, moulins collo\u00efdaux&nbsp;et&nbsp;APV&nbsp;<\/li><li>Atmosph\u00e8re inerte, vide et lumi\u00e8re jaune possibles dans la plupart des \u00e9quipements et des suites de fabrication&nbsp;<\/li><\/ul>\n\n\n\n<p>Types de produits et&nbsp;tailles de lots:&nbsp;<\/p>\n\n\n\n<ul class=\"wp-block-list\"><li>Semi-solides&nbsp;<ul><li>Cr\u00e8mes,&nbsp;gels&nbsp;et&nbsp;onguents: 5 \u00e0 2 500 kg&nbsp;<\/li><li>Lotion:&nbsp;100 \u00e0 4 000 kg&nbsp;<\/li><\/ul><\/li><\/ul>\n\n\n\n<ul class=\"wp-block-list\"><li>Liquides et suspensions&nbsp;<ul><li>20 \u00e0 3 800 kg&nbsp;<\/li><\/ul><\/li><\/ul>\n\n\n\n<p>De plus, nous&nbsp;disposons&nbsp;d\u2019une&nbsp;salle&nbsp;de fabrication&nbsp;con\u00e7ue&nbsp;sp\u00e9cifiquement pour&nbsp;effectuer de fa\u00e7on s\u00e9curitaire&nbsp;la fabrication de m\u00e9langes \u00e0 faible point d\u2019\u00e9clair (ex., gels et liquides \u00e0 haute teneur en alcool).&nbsp;<\/p>\n\n\n\n<ul class=\"wp-block-list\"><li>Chambre con\u00e7ue aux normes 1D1 <\/li><li>Couverture de gaz inerte&nbsp;<\/li><li>\u00c9clairage ambr\u00e9 pour produits sensibles \u00e0 la lumi\u00e8re&nbsp;<\/li><li>Volumes de fabrication de 5 kg \u00e0 1600 kg&nbsp;<\/li><\/ul>\n\n\n\n<p><\/p>\n\n\n<\/div>\n\n                    \n\n\n<div class=\"block-accordion \">\n    <span class=\"block-accordion__label\">Accordion<\/span>\n    <h3 class=\"block-accordion__title\">Conditionnement primaire <\/h3>\n    \n\n<p>Groupe PARIMA dispose d\u2019une suite d\u2019emballage d\u00e9di\u00e9e \u00e9quip\u00e9e de 10 lignes de conditionnement diff\u00e9rentes pour r\u00e9pondre \u00e0 vos besoins. Selon les volumes annuels projet\u00e9s, nous pouvons offrir diff\u00e9rents niveaux d\u2019automatisation pour vous&nbsp;permettre de choisir&nbsp;les options les plus rentables pour vos&nbsp;produits.&nbsp;<\/p>\n\n\n\n<ul class=\"wp-block-list\"><li>Bouteilles et pots\u00a0(plastique et verre)\u00a0<\/li><li>Vaporisateurs en pompe\u00a0<\/li><li>Dose mesur\u00e9e (nasale et sublinguale)\u00a0<\/li><li>Tubes\u00a0(plastique, stratifi\u00e9 et m\u00e9tal)\u00a0<\/li><li>Seringue (applicateurs non st\u00e9riles)\u00a0<\/li><li>Sachets\u00a0\u00a0<\/li><li>Lingettes\u00a0<\/li><li>Sacs\u00a0<\/li><li>Bag-on\u00a0valve\u00a0<\/li><li>Pompes sans air\u00a0<\/li><\/ul>\n\n\n<\/div>\n\n                    \n\n\n<div class=\"block-accordion \">\n    <span class=\"block-accordion__label\">Accordion<\/span>\n    <h3 class=\"block-accordion__title\">Emballage secondaire <\/h3>\n    \n\n<ul class=\"wp-block-list\"><li>Mise-en-\u00e9tui&nbsp;<\/li><li>Notices&nbsp;<\/li><li>S\u00e9rialisation&nbsp;<ul><li>Nous pouvons&nbsp;r\u00e9pondre aux exigences&nbsp;pour les&nbsp;march\u00e9s du monde entier&nbsp;<\/li><\/ul><\/li><\/ul>\n\n\n<\/div>\n\n                    \n\n\n<div class=\"block-accordion \">\n    <span class=\"block-accordion__label\">Accordion<\/span>\n    <h3 class=\"block-accordion__title\">Lots \u00e0 petite-\u00e9chelle et m\u00e9dicaments pour maladies-orphelines<\/h3>\n    \n\n<p>Notre flexibilit\u00e9 op\u00e9rationnelle nous permet de nous adapter \u00e0 un large \u00e9ventail de tailles de lots, y compris de petits lots souvent requis par les m\u00e9dicaments contre les maladies orphelines. Cette flexibilit\u00e9 se fait sans compromis aux standards de&nbsp;qualit\u00e9 \u00e9lev\u00e9s de notre industrie.&nbsp;<\/p>\n\n\n<\/div>\n\n                    \n","protected":false},"excerpt":{"rendered":"<p>Groupe PARIMA offre des services contractuels de fabrication et&nbsp;de conditionnement&nbsp;\u00e0 des clients&nbsp;\u00e0 travers&nbsp;le monde.\u202fNous fabriquons actuellement des produits pour des march\u00e9s situ\u00e9s sur cinq continents, ce qui permet \u00e0 nos clients d\u2019avoir une port\u00e9e mondiale.&nbsp; Notre \u00e9quipe peut vous fournir un service cl\u00e9 en&nbsp;main&nbsp;complet, de l\u2019approvisionnement&nbsp;en mati\u00e8res&nbsp;premi\u00e8res et composantes d\u2019emballage, \u00e0&nbsp;la&nbsp;s\u00e9rialisation et la distribution des &hellip; <a href=\"https:\/\/www.groupeparima.com\/fr\/production-commerciale\/\">Continued<\/a><\/p>\n","protected":false},"author":1,"featured_media":0,"parent":0,"menu_order":0,"comment_status":"closed","ping_status":"closed","template":"","meta":{"_acf_changed":false,"content-type":"","_relevanssi_hide_post":"","_relevanssi_hide_content":"","_relevanssi_pin_for_all":"","_relevanssi_pin_keywords":"","_relevanssi_unpin_keywords":"","_relevanssi_related_keywords":"","_relevanssi_related_include_ids":"","_relevanssi_related_exclude_ids":"","_relevanssi_related_no_append":"","_relevanssi_related_not_related":"","_relevanssi_related_posts":"","_relevanssi_noindex_reason":"","footnotes":""},"class_list":["post-321","page","type-page","status-publish","hentry"],"acf":[],"_links":{"self":[{"href":"https:\/\/www.groupeparima.com\/fr\/wp-json\/wp\/v2\/pages\/321","targetHints":{"allow":["GET"]}}],"collection":[{"href":"https:\/\/www.groupeparima.com\/fr\/wp-json\/wp\/v2\/pages"}],"about":[{"href":"https:\/\/www.groupeparima.com\/fr\/wp-json\/wp\/v2\/types\/page"}],"author":[{"embeddable":true,"href":"https:\/\/www.groupeparima.com\/fr\/wp-json\/wp\/v2\/users\/1"}],"replies":[{"embeddable":true,"href":"https:\/\/www.groupeparima.com\/fr\/wp-json\/wp\/v2\/comments?post=321"}],"version-history":[{"count":8,"href":"https:\/\/www.groupeparima.com\/fr\/wp-json\/wp\/v2\/pages\/321\/revisions"}],"predecessor-version":[{"id":2593,"href":"https:\/\/www.groupeparima.com\/fr\/wp-json\/wp\/v2\/pages\/321\/revisions\/2593"}],"wp:attachment":[{"href":"https:\/\/www.groupeparima.com\/fr\/wp-json\/wp\/v2\/media?parent=321"}],"curies":[{"name":"wp","href":"https:\/\/api.w.org\/{rel}","templated":true}]}}