{"id":1010,"date":"2025-09-15T12:36:19","date_gmt":"2025-09-15T17:36:19","guid":{"rendered":"https:\/\/www.groupeparima.com\/?page_id=1010"},"modified":"2025-09-15T12:44:35","modified_gmt":"2025-09-15T17:44:35","slug":"nos-valeurs","status":"publish","type":"page","link":"https:\/\/www.groupeparima.com\/fr\/carrieres\/nos-valeurs\/","title":{"rendered":"Nos valeurs"},"content":{"rendered":"\n<p>Chez Groupe PARIMA, notre culture est guid\u00e9e par la rigueur, la proactivit\u00e9 et un engagement commun envers l\u2019excellence. Chaque membre de l\u2019\u00e9quipe joue un r\u00f4le essentiel dans l\u2019\u00e9laboration de solutions pour des produits pharmaceutiques complexes et innovants. Unis par une mentalit\u00e9 ax\u00e9e sur la qualit\u00e9 qui oriente nos actions quotidiennes, nous cultivons un environnement s\u00fbr, collaboratif et tourn\u00e9 vers l\u2019avenir, nous permettant d\u2019anticiper les besoins de nos clients et de livrer des produits qui ont un v\u00e9ritable impact sur la vie des patients.<\/p>\n\n\n\n<h2 class=\"wp-block-heading\">Mission<\/h2>\n\n\n\n<blockquote class=\"wp-block-quote is-layout-flow wp-block-quote-is-layout-flow\">\n<p><em><em>Offrir \u00e0 nos partenaires \u00e0 l\u2019\u00e9chelle mondiale des solutions sur mesure en d\u00e9veloppement et fabrication de produits pharmaceutiques qui am\u00e9liorent concr\u00e8tement la sant\u00e9 des patients, gr\u00e2ce \u00e0 notre expertise, notre rigueur et notre agilit\u00e9.<\/em><\/em><\/p>\n<\/blockquote>\n\n\n\n<div class=\"wp-block-media-text has-media-on-the-right is-stacked-on-mobile is-vertically-aligned-center\" style=\"grid-template-columns:auto 55%\"><div class=\"wp-block-media-text__content\">\n<h2 class=\"wp-block-heading\">Our Values<\/h2>\n\n\n\n<p>Chez PARIMA, nos valeurs guident toutes nos actions.<\/p>\n\n\n\n<ul class=\"wp-block-list\">\n<li>La proactivit\u00e9 nous pousse \u00e0 anticiper.<\/li>\n\n\n\n<li>La rigueur assure la qualit\u00e9 de notre travail.<\/li>\n\n\n\n<li>L\u2019engagement refl\u00e8te notre d\u00e9vouement.<\/li>\n\n\n\n<li>L\u2019\u00e9coute renforce nos relations.<\/li>\n\n\n\n<li>La confiance, fond\u00e9e sur le respect et la transparence, est au c\u0153ur de notre culture.<\/li>\n<\/ul>\n\n\n\n<p>Ces piliers d\u00e9finissent qui nous sommes et comment nous avan\u00e7ons ensemble.<\/p>\n<\/div><figure class=\"wp-block-media-text__media\"><img decoding=\"async\" src=\"https:\/\/www.groupeparima.com\/wp-content\/uploads\/2025\/09\/Company-Onboarding-Presentation.svg\" alt=\"\" class=\"wp-image-5330 size-full\"\/><\/figure><\/div>\n","protected":false},"excerpt":{"rendered":"<p>Chez Groupe PARIMA, notre culture est guid\u00e9e par la rigueur, la proactivit\u00e9 et un engagement commun envers l\u2019excellence. Chaque membre de l\u2019\u00e9quipe joue un r\u00f4le essentiel dans l\u2019\u00e9laboration de solutions pour des produits pharmaceutiques complexes et innovants. Unis par une mentalit\u00e9 ax\u00e9e sur la qualit\u00e9 qui oriente nos actions quotidiennes, nous cultivons un environnement s\u00fbr, &hellip; <a href=\"https:\/\/www.groupeparima.com\/fr\/carrieres\/nos-valeurs\/\">Continued<\/a><\/p>\n","protected":false},"author":1,"featured_media":0,"parent":348,"menu_order":0,"comment_status":"closed","ping_status":"closed","template":"","meta":{"_acf_changed":false,"content-type":"","_relevanssi_hide_post":"","_relevanssi_hide_content":"","_relevanssi_pin_for_all":"","_relevanssi_pin_keywords":"","_relevanssi_unpin_keywords":"","_relevanssi_related_keywords":"","_relevanssi_related_include_ids":"","_relevanssi_related_exclude_ids":"","_relevanssi_related_no_append":"","_relevanssi_related_not_related":"","_relevanssi_related_posts":"","_relevanssi_noindex_reason":"","footnotes":""},"class_list":["post-1010","page","type-page","status-publish","hentry"],"acf":[],"_links":{"self":[{"href":"https:\/\/www.groupeparima.com\/fr\/wp-json\/wp\/v2\/pages\/1010","targetHints":{"allow":["GET"]}}],"collection":[{"href":"https:\/\/www.groupeparima.com\/fr\/wp-json\/wp\/v2\/pages"}],"about":[{"href":"https:\/\/www.groupeparima.com\/fr\/wp-json\/wp\/v2\/types\/page"}],"author":[{"embeddable":true,"href":"https:\/\/www.groupeparima.com\/fr\/wp-json\/wp\/v2\/users\/1"}],"replies":[{"embeddable":true,"href":"https:\/\/www.groupeparima.com\/fr\/wp-json\/wp\/v2\/comments?post=1010"}],"version-history":[{"count":7,"href":"https:\/\/www.groupeparima.com\/fr\/wp-json\/wp\/v2\/pages\/1010\/revisions"}],"predecessor-version":[{"id":5337,"href":"https:\/\/www.groupeparima.com\/fr\/wp-json\/wp\/v2\/pages\/1010\/revisions\/5337"}],"up":[{"embeddable":true,"href":"https:\/\/www.groupeparima.com\/fr\/wp-json\/wp\/v2\/pages\/348"}],"wp:attachment":[{"href":"https:\/\/www.groupeparima.com\/fr\/wp-json\/wp\/v2\/media?parent=1010"}],"curies":[{"name":"wp","href":"https:\/\/api.w.org\/{rel}","templated":true}]}}