{"id":1008,"date":"2025-07-23T13:48:40","date_gmt":"2025-07-23T18:48:40","guid":{"rendered":"https:\/\/www.groupeparima.com\/?page_id=1008"},"modified":"2025-07-23T13:48:44","modified_gmt":"2025-07-23T18:48:44","slug":"nos-avantages","status":"publish","type":"page","link":"https:\/\/www.groupeparima.com\/fr\/carrieres\/nos-avantages\/","title":{"rendered":"Nos avantages"},"content":{"rendered":"\n<h3 class=\"wp-block-heading\"><strong>Travailler chez Groupe PARIMA, c\u2019est grandir dans un environnement humain et engag\u00e9<\/strong><\/h3>\n\n\n\n<p>Chez Groupe PARIMA, nous pla\u00e7ons la qualit\u00e9 au c\u0153ur de tout ce que nous faisons, dans nos produits, nos processus, et surtout, dans notre mani\u00e8re de prendre soin de notre \u00e9quipe. Nous offrons des avantages concrets pour soutenir votre bien-\u00eatre, favoriser un \u00e9quilibre sain et reconna\u00eetre votre contribution \u00e0 notre succ\u00e8s collectif.<\/p>\n\n\n\n<div class=\"wp-block-media-text alignwide is-stacked-on-mobile is-vertically-aligned-center has-white-background-color has-background\" style=\"grid-template-columns:35% auto\"><figure class=\"wp-block-media-text__media\"><img decoding=\"async\" src=\"https:\/\/www.groupeparima.com\/wp-content\/uploads\/2025\/07\/Personal-Days-Benefit-Groupe-Parima.svg\" alt=\"\" class=\"wp-image-4480 size-full\"\/><\/figure><div class=\"wp-block-media-text__content\">\n<div class=\"wp-block-group is-style-gradient-background\" style=\"padding-top:2em;padding-right:2em;padding-bottom:2em;padding-left:2em\"><div class=\"wp-block-group__inner-container is-layout-flow wp-block-group-is-layout-flow\">\n<p class=\"is-style-p-intro\" style=\"font-size:36px;line-height:1.2\"><strong>6 cong\u00e9s personnels par ann\u00e9e<\/strong><\/p>\n\n\n\n<p class=\"has-extra-small-font-size\">Parce que la vie ne suit pas toujours un horaire fixe, nous vous offrons six journ\u00e9es personnelles par ann\u00e9e, en plus de vos vacances. Que ce soit pour g\u00e9rer un impr\u00e9vu, prendre soin de vous ou simplement faire une pause, vous avez la flexibilit\u00e9 n\u00e9cessaire pour mieux concilier vie professionnelle et vie personnelle.<\/p>\n<\/div><\/div>\n<\/div><\/div>\n\n\n\n<div class=\"wp-block-media-text alignwide has-media-on-the-right is-stacked-on-mobile is-vertically-aligned-center has-white-background-color has-background\" style=\"grid-template-columns:auto 35%\"><div class=\"wp-block-media-text__content\">\n<div class=\"wp-block-group is-style-gradient-background\" style=\"padding-top:2em;padding-right:2em;padding-bottom:2em;padding-left:2em\"><div class=\"wp-block-group__inner-container is-layout-flow wp-block-group-is-layout-flow\">\n<p class=\"is-style-p-intro\" style=\"font-size:36px;line-height:1.2\"><strong>Assurances collective modulable<\/strong><\/p>\n\n\n\n<p class=\"has-extra-small-font-size\">Nos employ\u00e9s b\u00e9n\u00e9ficient d\u2019une couverture d\u2019assurance adapt\u00e9e \u00e0 leur r\u00e9alit\u00e9. Trois modules sont disponibles afin de choisir le niveau de protection qui r\u00e9pond \u00e0 vos besoins, incluant sant\u00e9, dentaire et assurance voyage.<\/p>\n<\/div><\/div>\n<\/div><figure class=\"wp-block-media-text__media\"><img decoding=\"async\" src=\"https:\/\/www.groupeparima.com\/wp-content\/uploads\/2025\/07\/Insureance-Plan-Benefit-Groupe-Parima.svg\" alt=\"\" class=\"wp-image-4482 size-full\"\/><\/figure><\/div>\n\n\n\n<div class=\"wp-block-media-text alignwide is-stacked-on-mobile is-vertically-aligned-center has-white-background-color has-background\" style=\"grid-template-columns:35% auto\"><figure class=\"wp-block-media-text__media\"><img decoding=\"async\" src=\"https:\/\/www.groupeparima.com\/wp-content\/uploads\/2025\/07\/Hybrid-Work-Benefit-Groupe-Parima.svg\" alt=\"\" class=\"wp-image-4484 size-full\"\/><\/figure><div class=\"wp-block-media-text__content\">\n<div class=\"wp-block-group is-style-gradient-background\" style=\"padding-top:2em;padding-right:2em;padding-bottom:2em;padding-left:2em\"><div class=\"wp-block-group__inner-container is-layout-flow wp-block-group-is-layout-flow\">\n<p class=\"is-style-p-intro\" style=\"font-size:36px;line-height:1.2\"><strong><strong>Horaires flexibles et t\u00e9l\u00e9travail<\/strong><\/strong><\/p>\n\n\n\n<p class=\"has-extra-small-font-size\">Selon votre poste, vous pourriez b\u00e9n\u00e9ficier d\u2019un horaire flexible et de la possibilit\u00e9 de t\u00e9l\u00e9travail partiel. Cette flexibilit\u00e9 vise \u00e0 mieux s\u2019adapter \u00e0 votre r\u00e9alit\u00e9 tout en maintenant la collaboration et la rigueur qui nous distinguent.<\/p>\n<\/div><\/div>\n<\/div><\/div>\n\n\n\n<div class=\"wp-block-media-text alignwide has-media-on-the-right is-stacked-on-mobile is-vertically-aligned-center has-white-background-color has-background\" style=\"grid-template-columns:auto 35%\"><div class=\"wp-block-media-text__content\">\n<div class=\"wp-block-group is-style-gradient-background\" style=\"padding-top:2em;padding-right:2em;padding-bottom:2em;padding-left:2em\"><div class=\"wp-block-group__inner-container is-layout-flow wp-block-group-is-layout-flow\">\n<p class=\"is-style-p-intro\" style=\"font-size:36px;line-height:1.2\"><strong>T\u00e9l\u00e9m\u00e9dicine et programme d\u2019aide aux employ\u00e9s<\/strong><\/p>\n\n\n\n<p class=\"has-extra-small-font-size\">Vous avez acc\u00e8s \u00e0 un service de t\u00e9l\u00e9m\u00e9decine 24\/7 pour des consultations m\u00e9dicales rapides, ainsi qu\u2019\u00e0 un programme confidentiel de soutien psychosocial offert en tout temps, pour vous ou votre famille.<\/p>\n<\/div><\/div>\n<\/div><figure class=\"wp-block-media-text__media\"><img decoding=\"async\" src=\"https:\/\/www.groupeparima.com\/wp-content\/uploads\/2025\/07\/Telemedicine-Benefit-Groupe-Parima.svg\" alt=\"\" class=\"wp-image-4478 size-full\"\/><\/figure><\/div>\n\n\n\n<div class=\"wp-block-media-text alignwide is-stacked-on-mobile is-vertically-aligned-center has-white-background-color has-background\" style=\"grid-template-columns:35% auto\"><figure class=\"wp-block-media-text__media\"><img decoding=\"async\" src=\"https:\/\/www.groupeparima.com\/wp-content\/uploads\/2025\/07\/Recognition-Program-Benefit-Groupe-Parima.svg\" alt=\"\" class=\"wp-image-4488 size-full\"\/><\/figure><div class=\"wp-block-media-text__content\">\n<div class=\"wp-block-group is-style-gradient-background\" style=\"padding-top:2em;padding-right:2em;padding-bottom:2em;padding-left:2em\"><div class=\"wp-block-group__inner-container is-layout-flow wp-block-group-is-layout-flow\">\n<p class=\"is-style-p-intro\" style=\"font-size:36px;line-height:1.2\"><strong>Programme de reconnaissance<\/strong><\/p>\n\n\n\n<p class=\"has-extra-small-font-size\">Nous valorisons la loyaut\u00e9 et la contribution durable. Vos ann\u00e9es de service sont soulign\u00e9es par des attentions significatives parce que votre parcours compte pour nous.<\/p>\n<\/div><\/div>\n<\/div><\/div>\n\n\n\n<div class=\"wp-block-media-text alignwide has-media-on-the-right is-stacked-on-mobile is-vertically-aligned-center has-white-background-color has-background\" style=\"grid-template-columns:auto 35%\"><div class=\"wp-block-media-text__content\">\n<div class=\"wp-block-group is-style-gradient-background\" style=\"padding-top:2em;padding-right:2em;padding-bottom:2em;padding-left:2em\"><div class=\"wp-block-group__inner-container is-layout-flow wp-block-group-is-layout-flow\">\n<p class=\"is-style-p-intro\" style=\"font-size:36px;line-height:1.2\"><strong>Activit\u00e9es sociales<\/strong><\/p>\n\n\n\n<p class=\"has-extra-small-font-size\">L\u2019esprit de communaut\u00e9 fait partie de notre ADN. Tout au long de l\u2019ann\u00e9e, nous organisons des activit\u00e9s sociales pour cr\u00e9er des liens, c\u00e9l\u00e9brer nos r\u00e9ussites et partager des moments conviviaux.<\/p>\n<\/div><\/div>\n<\/div><figure class=\"wp-block-media-text__media\"><img decoding=\"async\" src=\"https:\/\/www.groupeparima.com\/wp-content\/uploads\/2025\/07\/Social-Activities-Benefit-Groupe-Parima.svg\" alt=\"\" class=\"wp-image-4490 size-full\"\/><\/figure><\/div>\n\n\n\n<p><\/p>\n","protected":false},"excerpt":{"rendered":"<p>Travailler chez Groupe PARIMA, c\u2019est grandir dans un environnement humain et engag\u00e9 Chez Groupe PARIMA, nous pla\u00e7ons la qualit\u00e9 au c\u0153ur de tout ce que nous faisons, dans nos produits, nos processus, et surtout, dans notre mani\u00e8re de prendre soin de notre \u00e9quipe. Nous offrons des avantages concrets pour soutenir votre bien-\u00eatre, favoriser un \u00e9quilibre &hellip; <a href=\"https:\/\/www.groupeparima.com\/fr\/carrieres\/nos-avantages\/\">Continued<\/a><\/p>\n","protected":false},"author":1,"featured_media":0,"parent":348,"menu_order":0,"comment_status":"closed","ping_status":"closed","template":"","meta":{"_acf_changed":false,"content-type":"","_relevanssi_hide_post":"","_relevanssi_hide_content":"","_relevanssi_pin_for_all":"","_relevanssi_pin_keywords":"","_relevanssi_unpin_keywords":"","_relevanssi_related_keywords":"","_relevanssi_related_include_ids":"","_relevanssi_related_exclude_ids":"","_relevanssi_related_no_append":"","_relevanssi_related_not_related":"","_relevanssi_related_posts":"","_relevanssi_noindex_reason":"","footnotes":""},"class_list":["post-1008","page","type-page","status-publish","hentry"],"acf":[],"_links":{"self":[{"href":"https:\/\/www.groupeparima.com\/fr\/wp-json\/wp\/v2\/pages\/1008","targetHints":{"allow":["GET"]}}],"collection":[{"href":"https:\/\/www.groupeparima.com\/fr\/wp-json\/wp\/v2\/pages"}],"about":[{"href":"https:\/\/www.groupeparima.com\/fr\/wp-json\/wp\/v2\/types\/page"}],"author":[{"embeddable":true,"href":"https:\/\/www.groupeparima.com\/fr\/wp-json\/wp\/v2\/users\/1"}],"replies":[{"embeddable":true,"href":"https:\/\/www.groupeparima.com\/fr\/wp-json\/wp\/v2\/comments?post=1008"}],"version-history":[{"count":9,"href":"https:\/\/www.groupeparima.com\/fr\/wp-json\/wp\/v2\/pages\/1008\/revisions"}],"predecessor-version":[{"id":4523,"href":"https:\/\/www.groupeparima.com\/fr\/wp-json\/wp\/v2\/pages\/1008\/revisions\/4523"}],"up":[{"embeddable":true,"href":"https:\/\/www.groupeparima.com\/fr\/wp-json\/wp\/v2\/pages\/348"}],"wp:attachment":[{"href":"https:\/\/www.groupeparima.com\/fr\/wp-json\/wp\/v2\/media?parent=1008"}],"curies":[{"name":"wp","href":"https:\/\/api.w.org\/{rel}","templated":true}]}}